{"id":5243,"date":"2016-06-22T07:59:04","date_gmt":"2016-06-22T05:59:04","guid":{"rendered":"https:\/\/www.travelcircus.de\/new-blog\/?page_id=5243"},"modified":"2016-06-22T07:59:04","modified_gmt":"2016-06-22T05:59:04","slug":"gutschein","status":"publish","type":"page","link":"https:\/\/www.travelcircus.de\/urlaubsziele\/gutschein\/","title":{"rendered":"Travelcircus Gutscheine 2024"},"content":{"rendered":"<nav aria-label=\"breadcrumbs\" class=\"rank-math-breadcrumb\"><p><a href=\"\/\">Travelcircus<\/a><span class=\"separator\"> | <\/span><span class=\"last\">Urlaubsziele<\/span><\/p><\/nav>\n<p style=\"font-size: 20px;\">So sichern Sie sich Ihren 100\u20ac Travelcircus Gutschein!<\/p>\n<p><a href=\"https:\/\/www.travelcircus.de\/reisegutschein\" target=\"_blank\" rel=\"noopener noreferrer\"><img decoding=\"async\" class=\"alignright size-full wp-image-9378\" src=\"https:\/\/blog.travelcircus.dev\/urlaubsziele\/wp-content\/uploads\/2016\/12\/Reisegutschein_Travelcircus.jpg\" alt=\"Reisegutschein-Travelcircus\" width=\"400\" height=\"275\" srcset=\"https:\/\/www.travelcircus.de\/urlaubsziele\/wp-content\/uploads\/2016\/12\/Reisegutschein_Travelcircus.jpg 540w, https:\/\/www.travelcircus.de\/urlaubsziele\/wp-content\/uploads\/2016\/12\/Reisegutschein_Travelcircus-300x206.jpg 300w\" sizes=\"(max-width: 400px) 100vw, 400px\" \/><\/a><\/p>\n<p>Sie suchen das perfekte Geschenk f\u00fcr einen Reise-Fan oder m\u00f6chten Ihren Liebsten eine <strong>ganz besondere Freude<\/strong> machen? Dann verschenken Sie am besten einen unserer begehrten <a href=\"https:\/\/www.travelcircus.de\/reisegutschein\" target=\"_blank\" rel=\"noopener noreferrer\">Travelcircus-Reisegutscheine<\/a> und lassen sie Herzen h\u00f6her schlagen!<\/p>\n<p>Wir w\u00fcnschen Ihnen damit viel Spa\u00df bei der n\u00e4chsten Buchung!<\/p>\n<h2>Travelcircus Gutscheine und Coupons 2024<\/h2>\n<div class=\"tipp_center\"><strong>Unser Tipp:<\/strong> Sie m\u00f6chten Ihre n\u00e4chste Premium-Kurzreise \u00fcber Travelcircus buchen und gleichzeitig sparen? <strong><a href=\"https:\/\/www.travelcircus.de\/newsletter\" target=\"_blank\" rel=\"noopener noreferrer\">Tragen Sie sich in unseren Newsletter ein<\/a> und verpassen Sie keine Gutschein- und Rabatt-Aktionen mehr!<\/strong> Entdecken Sie <a href=\"https:\/\/www.travelcircus.de\/\"><strong>hier unsere neuesten Angebote<\/strong><\/a>!<\/div>\n<p style=\"text-align: justify;\">Erstklassige Hotels zu kosteng\u00fcnstigen Konditionen &#8211; das verspricht Travelcircus. Mit dem passenden Gutschein k\u00f6nnen Sie Freunden und Familie zeigen, dass sie <strong>etwas ganz Besonderes<\/strong> sind! Oder sind Sie bereits gl\u00fccklicher Besitzer eines Gutscheins und gerade auf der Suche nach dem idealen Reiseziel?<\/p>\n<h2 style=\"font-size: 29px;\">So k\u00f6nnen Sie Ihren Travelcircus-Gutschein einl\u00f6sen<\/h2>\n<ol>\n<li>W\u00e4hlen Sie Ihr Traumhotel oder Ihren Traumurlaub auf <a href=\"http:\/\/www.travelcircus.de\" target=\"_blank\" rel=\"noopener noreferrer\">www.travelcircus.de<\/a> und starten Sie den Buchungsprozess.<\/li>\n<li>Den Gutscheincode tragen Sie w\u00e4hrend der Buchung im Feld \u201eGutschein einl\u00f6sen\u201c ein.<\/li>\n<li>Anschlie\u00dfend wird der Gutscheinwert direkt mit dem Reisepreis verrechnet. Jetzt gilt es nur noch die Buchung erfolgreich abzuschlie\u00dfen.<\/li>\n<li>Genie\u00dfen Sie Ihren Travelcircus-Kurzurlaub in vollen Z\u00fcgen!<\/li>\n<\/ol>\n<p><img decoding=\"async\" class=\"alignleft size-full wp-image-20327\" src=\"https:\/\/blog.travelcircus.dev\/urlaubsziele\/wp-content\/uploads\/2019\/10\/Fotolia_82077189_-Strand-Relax-Sonnenuntergang-Urlaub-Parchen-\u00a9-anyaberkut-2.jpg\" alt=\"\" width=\"1980\" height=\"900\" srcset=\"https:\/\/www.travelcircus.de\/urlaubsziele\/wp-content\/uploads\/2019\/10\/Fotolia_82077189_-Strand-Relax-Sonnenuntergang-Urlaub-Parchen-\u00a9-anyaberkut-2.jpg 1980w, https:\/\/www.travelcircus.de\/urlaubsziele\/wp-content\/uploads\/2019\/10\/Fotolia_82077189_-Strand-Relax-Sonnenuntergang-Urlaub-Parchen-\u00a9-anyaberkut-2-300x136.jpg 300w, https:\/\/www.travelcircus.de\/urlaubsziele\/wp-content\/uploads\/2019\/10\/Fotolia_82077189_-Strand-Relax-Sonnenuntergang-Urlaub-Parchen-\u00a9-anyaberkut-2-1024x465.jpg 1024w, https:\/\/www.travelcircus.de\/urlaubsziele\/wp-content\/uploads\/2019\/10\/Fotolia_82077189_-Strand-Relax-Sonnenuntergang-Urlaub-Parchen-\u00a9-anyaberkut-2-768x349.jpg 768w, https:\/\/www.travelcircus.de\/urlaubsziele\/wp-content\/uploads\/2019\/10\/Fotolia_82077189_-Strand-Relax-Sonnenuntergang-Urlaub-Parchen-\u00a9-anyaberkut-2-1536x698.jpg 1536w\" sizes=\"(max-width: 1980px) 100vw, 1980px\" \/><\/p>\n<p>&nbsp;<\/p>\n<h2>Kurzreisen, St\u00e4dtetripps, Wellness &amp; Musicals bei Travelcircus<\/h2>\n<p style=\"text-align: justify;\">Travelcircus legt Wert auf h\u00f6chste Qualit\u00e4t und besten Komfort f\u00fcr unsere Kunden. Deshalb stellen wir Ihnen eine Vielzahl von erstklassigen, qualit\u00e4tsgepr\u00fcften <strong>4- bis 5-Sterne Hotels<\/strong> zur Auswahl. Sie wollen Ihren Urlaub durch zus\u00e4tzliche Veranstaltungen und Erlebnisse abrunden? Kein Problem: Wir paketieren Ihr Traumhotel mit <a href=\"https:\/\/www.travelcircus.de\/musicalreisen\" target=\"_blank\" rel=\"noopener noreferrer\">atemberaubenden Musicals<\/a>, <a href=\"https:\/\/www.travelcircus.de\/wellnessurlaub\" target=\"_blank\" rel=\"noopener noreferrer\">Wellnessangeboten<\/a> und <a href=\"https:\/\/www.travelcircus.de\/freizeitparks\" target=\"_blank\" rel=\"noopener noreferrer\">Freizeitaktivit\u00e4ten<\/a>.<\/p>\n<section itemscope itemtype=\"https:\/\/schema.org\/FAQPage\">\n<h2>FAQ: H\u00e4ufige Fragen und Antworten zu Reisegutscheinen<\/h2>\n<div itemscope itemprop=\"mainEntity\" itemtype=\"https:\/\/schema.org\/Question\">\n<h3 itemprop=\"name\">Was ist ein Travelcircus Reisegutschein?<\/h3>\n<div itemscope itemprop=\"acceptedAnswer\" itemtype=\"https:\/\/schema.org\/Answer\">\n<div itemprop=\"text\">\nDer <a href=\"\/reisegutschein\">Travelcircus-Reisegutschein<\/a> ist das ideale Geschenk f\u00fcr alle Reisebegeisterten! Der Gutschein-Besitzer kann sich unter www.travelcircus.de ein Angebot aussuchen und den Wert des Gutscheins anschlie\u00dfend vom Urlaubspreis abziehen. Die Gutscheine sind f\u00fcr jedes Angebot einl\u00f6sbar.\n<\/div>\n<\/p><\/div>\n<\/p><\/div>\n<p><\/p>\n<div itemscope itemprop=\"mainEntity\" itemtype=\"https:\/\/schema.org\/Question\">\n<h3 itemprop=\"name\">Wie lange ist ein Travelcircus-Reisegutschein g\u00fcltig?<\/h3>\n<div itemscope itemprop=\"acceptedAnswer\" itemtype=\"https:\/\/schema.org\/Answer\">\n<div itemprop=\"text\">\nDer Travelcircus-Reisegutschein ist ab Kaufdatum drei Jahre g\u00fcltig.\n     <\/div>\n<\/p><\/div>\n<\/p><\/div>\n<p><\/p>\n<div itemscope itemprop=\"mainEntity\" itemtype=\"https:\/\/schema.org\/Question\">\n<h3 itemprop=\"name\">K\u00f6nnen Geschenkgutscheine von Travelcircus verfallen?<\/h3>\n<div itemscope itemprop=\"acceptedAnswer\" itemtype=\"https:\/\/schema.org\/Answer\">\n<div itemprop=\"text\">\nJa, die Travelcircus-Reisegutscheine verfallen drei Jahre nach Kaufdatum.\n     <\/div>\n<\/p><\/div>\n<\/p><\/div>\n<p><\/p>\n<div itemscope itemprop=\"mainEntity\" itemtype=\"https:\/\/schema.org\/Question\">\n<h3 itemprop=\"name\">Wie kann ich Reisegutscheine auf Travelcircus kaufen?<\/h3>\n<div itemscope itemprop=\"acceptedAnswer\" itemtype=\"https:\/\/schema.org\/Answer\">\n<div itemprop=\"text\">\nEinen <a href=\"\/reisegutschein\">Gutschein von Travelcircus<\/a> erstehen Sie wie folgt:<\/p>\n<ol>\n<li>Besuchen Sie die Webseite <a href=\"\/reisegutschein\">www.travelcircus.de\/reisegutschein<\/a><\/li>\n<li>W\u00e4hlen Sie den gew\u00fcnschten Gutscheinwert aus, geben Sie Ihre pers\u00f6nlichen Daten an und best\u00e4tigen Sie den Kauf mit \u201cJetzt buchen\u201d.<\/li>\n<li>Sie bekommen eine E-Mail  mit einer PDF im Anhang. Diese enth\u00e4lt Ihren pers\u00f6nlichen Gutscheincode. Sie k\u00f6nnen den Gutschein bei Bedarf ausdrucken.<\/li>\n<li>Verschenken Sie den Travelcircus-Gutschein und lassen Sie die Herzen Ihrer Liebsten h\u00f6her schlagen!<\/li>\n<\/ol><\/div>\n<\/p><\/div>\n<\/p><\/div>\n<p><\/p>\n<div itemscope itemprop=\"mainEntity\" itemtype=\"https:\/\/schema.org\/Question\">\n<h3 itemprop=\"name\">Kann ein Travelcircus-Gutschein als Geschenk verpackt und versendet werden?<\/h3>\n<div itemscope itemprop=\"acceptedAnswer\" itemtype=\"https:\/\/schema.org\/Answer\">\n<div itemprop=\"text\">\nSie k\u00f6nnen Ihren pers\u00f6nlichen Travelcircus-Reisegutschein zu Hause ausdrucken und anschlie\u00dfend selbstverst\u00e4ndlich verpacken und versenden.\n     <\/div>\n<\/p><\/div>\n<\/p><\/div>\n<p><\/p>\n<div itemscope itemprop=\"mainEntity\" itemtype=\"https:\/\/schema.org\/Question\">\n<h3 itemprop=\"name\">F\u00fcr wen eignet sich der Travelcircus-Gutschein?<\/h3>\n<div itemscope itemprop=\"acceptedAnswer\" itemtype=\"https:\/\/schema.org\/Answer\">\n<div itemprop=\"text\">\nDer Travelcircus-Reisegutschein eignet sich als Geschenk f\u00fcr jeden, dem Sie eine Freude machen wollen. Durch die Vielfalt an Angeboten auf Travelcircus findet garantiert jeder das richtige Angebot f\u00fcr sich; egal ob <a href=\"\/wellnessurlaub\">Wellness<\/a>, <a href=\"\/musicalreisen\">Musical<\/a> oder <a href=\"\/staedtereisen\">St\u00e4dtereise<\/a>.\n     <\/div>\n<\/p><\/div>\n<\/p><\/div>\n<p><\/p>\n<div itemscope itemprop=\"mainEntity\" itemtype=\"https:\/\/schema.org\/Question\">\n<h3 itemprop=\"name\">Was kann man mit dem Travelcircus-Gutschein machen?<\/h3>\n<div itemscope itemprop=\"acceptedAnswer\" itemtype=\"https:\/\/schema.org\/Answer\">\n<div itemprop=\"text\">\nEin Travelcircus-Reisegutschein kann f\u00fcr alle Angebote auf Travelcircus eingel\u00f6st werden.\n     <\/div>\n<\/p><\/div>\n<\/p><\/div>\n<p><\/p>\n<div itemscope itemprop=\"mainEntity\" itemtype=\"https:\/\/schema.org\/Question\">\n<h3 itemprop=\"name\">Wie teuer ist der Travelcircus-Gutschein?<\/h3>\n<div itemscope itemprop=\"acceptedAnswer\" itemtype=\"https:\/\/schema.org\/Answer\">\n<div itemprop=\"text\">\nDer Preis des <a href=\"\/reisegutschein\">Reisegutscheins<\/a> berechnet sich nach dessen Wert Sie haben die Wahl zwischen: <\/p>\n<ul>\n<li>100 &#8364; Geschenkgutschein<\/li>\n<li>150 &#8364; Geschenkgutschein<\/li>\n<li>250 &#8364; Geschenkgutschein<\/li>\n<li>400 &#8364; Geschenkgutschein<\/li>\n<\/ul><\/div>\n<\/p><\/div>\n<\/p><\/div>\n<\/section>\n<div style=\"border-top: 1px solid #dedede; margin-bottom: 10px;\"><\/div>\n<div style=\"text-align: center; font-size: 16px; margin: 0 0 0 0;\"><strong>Sie lieben Gutscheine? Jetzt bewerten und weiterempfehlen:<\/strong><\/div>\n<p>[kkstarratings]<\/p>\n<p><script type='text\/javascript' src='https:\/\/www.travelcircus.de\/urlaubsziele\/wp-includes\/js\/tc_voucher_18.js'><\/script><\/p>\n","protected":false},"excerpt":{"rendered":"<p>So sichern Sie sich Ihren 100\u20ac Travelcircus Gutschein! Sie suchen das perfekte Geschenk f\u00fcr einen Reise-Fan oder m\u00f6chten Ihren Liebsten eine ganz besondere Freude machen? Dann verschenken Sie am besten einen unserer begehrten Travelcircus-Reisegutscheine und lassen sie Herzen h\u00f6her schlagen! Wir w\u00fcnschen Ihnen damit viel Spa\u00df bei der n\u00e4chsten Buchung! Travelcircus Gutscheine und Coupons 2024 &#8230; <a title=\"Travelcircus Gutscheine 2024\" class=\"read-more\" href=\"https:\/\/www.travelcircus.de\/urlaubsziele\/gutschein\/\" aria-label=\"Mehr Informationen \u00fcber Travelcircus Gutscheine 2024\">mehr lesen.<\/a><\/p>\n","protected":false},"author":2,"featured_media":5245,"parent":0,"menu_order":0,"comment_status":"closed","ping_status":"closed","template":"","meta":{"footnotes":""},"class_list":["post-5243","page","type-page","status-publish","has-post-thumbnail"],"_links":{"self":[{"href":"https:\/\/www.travelcircus.de\/urlaubsziele\/wp-json\/wp\/v2\/pages\/5243","targetHints":{"allow":["GET"]}}],"collection":[{"href":"https:\/\/www.travelcircus.de\/urlaubsziele\/wp-json\/wp\/v2\/pages"}],"about":[{"href":"https:\/\/www.travelcircus.de\/urlaubsziele\/wp-json\/wp\/v2\/types\/page"}],"author":[{"embeddable":true,"href":"https:\/\/www.travelcircus.de\/urlaubsziele\/wp-json\/wp\/v2\/users\/2"}],"replies":[{"embeddable":true,"href":"https:\/\/www.travelcircus.de\/urlaubsziele\/wp-json\/wp\/v2\/comments?post=5243"}],"version-history":[{"count":0,"href":"https:\/\/www.travelcircus.de\/urlaubsziele\/wp-json\/wp\/v2\/pages\/5243\/revisions"}],"wp:featuredmedia":[{"embeddable":true,"href":"https:\/\/www.travelcircus.de\/urlaubsziele\/wp-json\/wp\/v2\/media\/5245"}],"wp:attachment":[{"href":"https:\/\/www.travelcircus.de\/urlaubsziele\/wp-json\/wp\/v2\/media?parent=5243"}],"curies":[{"name":"wp","href":"https:\/\/api.w.org\/{rel}","templated":true}]}}